{"id":62571,"date":"2025-04-14T13:45:46","date_gmt":"2025-04-14T13:45:46","guid":{"rendered":"https:\/\/pros.flywheelsites.com\/?page_id=62571"},"modified":"2025-08-12T11:20:50","modified_gmt":"2025-08-12T11:20:50","slug":"students-opportunities","status":"publish","type":"page","link":"https:\/\/s28288.pros.com\/fr\/students-opportunities\/","title":{"rendered":"PROS Internships"},"content":{"rendered":"<div data-elementor-type=\"wp-page\" data-elementor-id=\"62571\" class=\"elementor elementor-62571\" data-elementor-post-type=\"page\">\n\t\t\t\t<div class=\"elementor-element elementor-element-5f3a20db e-con-full e-flex e-con e-parent\" data-id=\"5f3a20db\" data-element_type=\"container\" data-e-type=\"container\">\n\t\t<div class=\"elementor-element elementor-element-59408a33 e-con-full elementor-hidden-desktop elementor-hidden-tablet elementor-hidden-tablet_extra e-flex e-con e-child\" data-id=\"59408a33\" data-element_type=\"container\" data-e-type=\"container\" data-settings=\"{&quot;background_background&quot;:&quot;classic&quot;}\">\n\t\t\t\t<div class=\"elementor-element elementor-element-3ab5a60d elementor-widget elementor-widget-image\" data-id=\"3ab5a60d\" data-element_type=\"widget\" data-e-type=\"widget\" data-widget_type=\"image.default\">\n\t\t\t\t\t\t\t\t\t\t\t\t\t\t\t<img fetchpriority=\"high\" decoding=\"async\" width=\"800\" height=\"355\" src=\"https:\/\/s28288.pros.com\/wp-content\/uploads\/2025\/05\/pros-internships-1024x455.webp\" class=\"attachment-large size-large wp-image-64129\" alt=\"Internships\" srcset=\"https:\/\/s28288.pros.com\/wp-content\/uploads\/2025\/05\/pros-internships-1024x455.webp 1024w, https:\/\/s28288.pros.com\/wp-content\/uploads\/2025\/05\/pros-internships-300x133.webp 300w, https:\/\/s28288.pros.com\/wp-content\/uploads\/2025\/05\/pros-internships-768x341.webp 768w, https:\/\/s28288.pros.com\/wp-content\/uploads\/2025\/05\/pros-internships-1536x683.webp 1536w, https:\/\/s28288.pros.com\/wp-content\/uploads\/2025\/05\/pros-internships.webp 1800w\" sizes=\"(max-width: 800px) 100vw, 800px\" \/>\t\t\t\t\t\t\t\t\t\t\t\t\t\t\t<\/div>\n\t\t<div class=\"elementor-element elementor-element-d8c0909 e-flex e-con-boxed e-con e-child\" data-id=\"d8c0909\" data-element_type=\"container\" data-e-type=\"container\" data-settings=\"{&quot;background_background&quot;:&quot;classic&quot;}\">\n\t\t\t\t\t<div class=\"e-con-inner\">\n\t\t\t\t<div class=\"elementor-element elementor-element-702cb05f elementor-widget__width-initial elementor-widget-mobile__width-inherit elementor-widget elementor-widget-heading\" data-id=\"702cb05f\" data-element_type=\"widget\" data-e-type=\"widget\" data-widget_type=\"heading.default\">\n\t\t\t\t\t<h2 class=\"elementor-heading-title elementor-size-default\">\u00c9tudiants &amp; Dipl\u00f4m\u00e9s<\/h2>\t\t\t\t<\/div>\n\t\t\t\t\t<\/div>\n\t\t\t\t<\/div>\n\t\t\t\t<\/div>\n\t\t<div class=\"elementor-element elementor-element-1d479923 e-con-full elementor-hidden-mobile e-flex e-con e-child\" data-id=\"1d479923\" data-element_type=\"container\" data-e-type=\"container\" data-settings=\"{&quot;background_background&quot;:&quot;classic&quot;}\">\n\t\t<div class=\"elementor-element elementor-element-7d788bc0 e-flex e-con-boxed e-con e-child\" data-id=\"7d788bc0\" data-element_type=\"container\" data-e-type=\"container\">\n\t\t\t\t\t<div class=\"e-con-inner\">\n\t\t<div class=\"elementor-element elementor-element-0a325ab e-con-full e-flex e-con e-child\" data-id=\"0a325ab\" data-element_type=\"container\" data-e-type=\"container\">\n\t\t\t\t<div class=\"elementor-element elementor-element-ac7f076 elementor-widget__width-initial elementor-widget elementor-widget-heading\" data-id=\"ac7f076\" data-element_type=\"widget\" data-e-type=\"widget\" data-widget_type=\"heading.default\">\n\t\t\t\t\t<h1 class=\"elementor-heading-title elementor-size-default\">\u00c9tudiants\n&amp; Dipl\u00f4m\u00e9s<\/h1>\t\t\t\t<\/div>\n\t\t\t\t<\/div>\n\t\t\t\t\t<\/div>\n\t\t\t\t<\/div>\n\t\t\t\t<\/div>\n\t\t\t\t<\/div>\n\t\t<div class=\"elementor-element elementor-element-1cab10ce e-flex e-con-boxed e-con e-parent\" data-id=\"1cab10ce\" data-element_type=\"container\" data-e-type=\"container\">\n\t\t\t\t\t<div class=\"e-con-inner\">\n\t\t<div class=\"elementor-element elementor-element-1a45fc59 e-con-full e-flex e-con e-child\" data-id=\"1a45fc59\" data-element_type=\"container\" data-e-type=\"container\">\n\t\t\t\t<div class=\"elementor-element elementor-element-5a2d77d8 elementor-widget elementor-widget-heading\" data-id=\"5a2d77d8\" data-element_type=\"widget\" data-e-type=\"widget\" data-widget_type=\"heading.default\">\n\t\t\t\t\t<h2 class=\"elementor-heading-title elementor-size-default\">Nous accompagnons l\u2019essor de nouvelles carri\u00e8res<\/h2>\t\t\t\t<\/div>\n\t\t\t\t<\/div>\n\t\t<div class=\"elementor-element elementor-element-6286a5 e-con-full e-flex e-con e-child\" data-id=\"6286a5\" data-element_type=\"container\" data-e-type=\"container\">\n\t\t<div class=\"elementor-element elementor-element-462df1d9 e-con-full e-flex e-con e-child\" data-id=\"462df1d9\" data-element_type=\"container\" data-e-type=\"container\">\n\t\t\t\t<div class=\"elementor-element elementor-element-1b67d679 elementor-widget elementor-widget-text-editor\" data-id=\"1b67d679\" data-element_type=\"widget\" data-e-type=\"widget\" data-widget_type=\"text-editor.default\">\n\t\t\t\t\t\t\t\t\t<p>Ce que vous avez appris en cours n\u2019est que le d\u00e9but. Donnez un nouvel \u00e9lan \u00e0 votre carri\u00e8re chez PROS, o\u00f9 innovation et audace sont encourag\u00e9es au quotidien.<\/p>\t\t\t\t\t\t\t\t<\/div>\n\t\t\t\t<\/div>\n\t\t\t\t<div class=\"elementor-element elementor-element-272333d9 btn-blue elementor-widget elementor-widget-button\" data-id=\"272333d9\" data-element_type=\"widget\" data-e-type=\"widget\" data-widget_type=\"button.default\">\n\t\t\t\t\t\t\t\t\t\t<a class=\"elementor-button elementor-button-link elementor-size-sm\" href=\"https:\/\/pros.wd5.myworkdayjobs.com\/PROS_Careers\" target=\"_blank\">\n\t\t\t\t\t\t<span class=\"elementor-button-content-wrapper\">\n\t\t\t\t\t\t\t\t\t<span class=\"elementor-button-text\">Postes \u00e0 pourvoir<\/span>\n\t\t\t\t\t<\/span>\n\t\t\t\t\t<\/a>\n\t\t\t\t\t\t\t\t<\/div>\n\t\t\t\t<div class=\"elementor-element elementor-element-53554b7 btn-blue-secondary elementor-widget elementor-widget-button\" data-id=\"53554b7\" data-element_type=\"widget\" data-e-type=\"widget\" data-widget_type=\"button.default\">\n\t\t\t\t\t\t\t\t\t\t<a class=\"elementor-button elementor-button-link elementor-size-sm\" href=\"https:\/\/s28288.pros.com\/fr\/about-pros\/careers\/\">\n\t\t\t\t\t\t<span class=\"elementor-button-content-wrapper\">\n\t\t\t\t\t\t\t\t\t<span class=\"elementor-button-text\">PROS Carri\u00e8res<\/span>\n\t\t\t\t\t<\/span>\n\t\t\t\t\t<\/a>\n\t\t\t\t\t\t\t\t<\/div>\n\t\t\t\t<\/div>\n\t\t\t\t\t<\/div>\n\t\t\t\t<\/div>\n\t\t<div class=\"elementor-element elementor-element-584e016d e-flex e-con-boxed e-con e-parent\" data-id=\"584e016d\" data-element_type=\"container\" data-e-type=\"container\">\n\t\t\t\t\t<div class=\"e-con-inner\">\n\t\t<div class=\"elementor-element elementor-element-3bc9c412 e-con-full pros-wistia-container e-flex e-con e-child\" data-id=\"3bc9c412\" data-element_type=\"container\" data-e-type=\"container\">\n\t\t\t\t<div class=\"elementor-element elementor-element-6d02151b elementor-widget elementor-widget-html\" data-id=\"6d02151b\" data-element_type=\"widget\" data-e-type=\"widget\" data-widget_type=\"html.default\">\n\t\t\t\t\t<script src=\"https:\/\/fast.wistia.com\/embed\/medias\/rqeax93ilm.jsonp\" async><\/script><script src=\"https:\/\/fast.wistia.com\/assets\/external\/E-v1.js\" async><\/script><div class=\"wistia_responsive_padding\" style=\"padding:56.25% 0 0 0;position:relative;\"><div class=\"wistia_responsive_wrapper\" style=\"height:100%;left:0;position:absolute;top:0;width:100%;\"><div class=\"wistia_embed wistia_async_rqeax93ilm seo=true videoFoam=true\" style=\"height:100%;position:relative;width:100%\"><div class=\"wistia_swatch\" style=\"height:100%;left:0;opacity:0;overflow:hidden;position:absolute;top:0;transition:opacity 200ms;width:100%;\"><img decoding=\"async\" src=\"https:\/\/fast.wistia.com\/embed\/medias\/5lp9wk09ge\/swatch\" style=\"filter:blur(5px);height:100%;object-fit:contain;width:100%;\" alt=\"\" aria-hidden=\"true\" onload=\"this.parentNode.style.opacity=1;\" \/><\/div><\/div><\/div><\/div>\n\t\t\t\t<\/div>\n\t\t\t\t<\/div>\n\t\t<div class=\"elementor-element elementor-element-4e1f7581 e-con-full e-flex e-con e-child\" data-id=\"4e1f7581\" data-element_type=\"container\" data-e-type=\"container\">\n\t\t\t\t<div class=\"elementor-element elementor-element-2929dddd elementor-widget elementor-widget-text-editor\" data-id=\"2929dddd\" data-element_type=\"widget\" data-e-type=\"widget\" data-widget_type=\"text-editor.default\">\n\t\t\t\t\t\t\t\t\t<h2>Comment se d\u00e9roule un stage chez PROS ?<\/h2><p>Chez PROS, les stagiaires sont pleinement impliqu\u00e9s dans des projets concrets et stimulants, qu\u2019il s\u2019agisse d\u2019IA, d\u2019analyse de donn\u00e9es ou de marketing. Vous ne restez pas en retrait : vous faites partie int\u00e9grante de l\u2019\u00e9quipe.<\/p><p>Ici, vous ne vous contentez pas de d\u00e9couvrir notre entreprise, vous contribuez activement \u00e0 la fa\u00e7onner.<\/p>\t\t\t\t\t\t\t\t<\/div>\n\t\t\t\t<\/div>\n\t\t\t\t\t<\/div>\n\t\t\t\t<\/div>\n\t\t<div class=\"elementor-element elementor-element-34a12f1b e-flex e-con-boxed e-con e-parent\" data-id=\"34a12f1b\" data-element_type=\"container\" data-e-type=\"container\" data-settings=\"{&quot;background_background&quot;:&quot;classic&quot;}\">\n\t\t\t\t\t<div class=\"e-con-inner\">\n\t\t<div class=\"elementor-element elementor-element-2da5de2f e-con-full e-flex e-con e-child\" data-id=\"2da5de2f\" data-element_type=\"container\" data-e-type=\"container\">\n\t\t\t\t<div class=\"elementor-element elementor-element-62a8016c elementor-widget__width-initial elementor-widget elementor-widget-image\" data-id=\"62a8016c\" data-element_type=\"widget\" data-e-type=\"widget\" data-widget_type=\"image.default\">\n\t\t\t\t\t\t\t\t\t\t\t\t\t\t\t<img decoding=\"async\" width=\"345\" height=\"345\" src=\"https:\/\/s28288.pros.com\/wp-content\/uploads\/2025\/04\/career_2_med-e1745178230783.jpg\" class=\"attachment-large size-large wp-image-62923\" alt=\"\" srcset=\"https:\/\/s28288.pros.com\/wp-content\/uploads\/2025\/04\/career_2_med-e1745178230783.jpg 345w, https:\/\/s28288.pros.com\/wp-content\/uploads\/2025\/04\/career_2_med-e1745178230783-300x300.jpg 300w, https:\/\/s28288.pros.com\/wp-content\/uploads\/2025\/04\/career_2_med-e1745178230783-150x150.jpg 150w\" sizes=\"(max-width: 345px) 100vw, 345px\" \/>\t\t\t\t\t\t\t\t\t\t\t\t\t\t\t<\/div>\n\t\t<div class=\"elementor-element elementor-element-11af4b6 e-con-full e-flex e-con e-child\" data-id=\"11af4b6\" data-element_type=\"container\" data-e-type=\"container\">\n\t\t\t\t<div class=\"elementor-element elementor-element-313ed5d3 elementor-widget elementor-widget-heading\" data-id=\"313ed5d3\" data-element_type=\"widget\" data-e-type=\"widget\" data-widget_type=\"heading.default\">\n\t\t\t\t\t<h2 class=\"elementor-heading-title elementor-size-default\">Programmes pour \u00e9tudiants et dipl\u00f4m\u00e9s<\/h2>\t\t\t\t<\/div>\n\t\t\t\t<div class=\"elementor-element elementor-element-934186d elementor-widget elementor-widget-text-editor\" data-id=\"934186d\" data-element_type=\"widget\" data-e-type=\"widget\" data-widget_type=\"text-editor.default\">\n\t\t\t\t\t\t\t\t\t<ul><li>Comptabilit\u00e9<\/li><li>Marketing<\/li><li>Ressources humaines<\/li><li>D\u00e9veloppement<\/li><li>Science<\/li><li>Gestion des clients<\/li><li>IT<\/li><li>Gestion des produits<\/li><li>Exp\u00e9rience Utilisateur (UX)<\/li><\/ul>\t\t\t\t\t\t\t\t<\/div>\n\t\t\t\t<\/div>\n\t\t\t\t<\/div>\n\t\t\t\t\t<\/div>\n\t\t\t\t<\/div>\n\t\t\t\t<\/div>","protected":false},"excerpt":{"rendered":"<p>Student Internships Student Internships We help steer new careers You\u2019ve learned a ton in school. But it\u2019s only the beginning. Ignite your career at PROS by applying that rich education in a place where innovation and risk-taking are welcome. Open Positions PROS Careers What it&#8217;s like interning at PROS PROS interns go right to work [&hellip;]<\/p>\n","protected":false},"author":2,"featured_media":0,"parent":0,"menu_order":0,"comment_status":"closed","ping_status":"closed","template":"","meta":{"_acf_changed":false,"inline_featured_image":false,"footnotes":""},"class_list":["post-62571","page","type-page","status-publish","hentry"],"acf":[],"yoast_head":"<!-- This site is optimized with the Yoast SEO Premium plugin v27.0 (Yoast SEO v27.1.1) - https:\/\/yoast.com\/product\/yoast-seo-premium-wordpress\/ -->\n<title>PROS Internships | PROS<\/title>\n<meta name=\"description\" content=\"We help steer future careers. View internship opportunities.\" \/>\n<meta name=\"robots\" content=\"noindex, follow, max-snippet:-1, max-image-preview:large, max-video-preview:-1\" \/>\n<meta property=\"og:locale\" content=\"fr_FR\" \/>\n<meta property=\"og:type\" content=\"article\" \/>\n<meta property=\"og:title\" content=\"PROS Internships\" \/>\n<meta property=\"og:description\" content=\"We help steer future careers. View internship opportunities.\" \/>\n<meta property=\"og:url\" content=\"https:\/\/s28288.pros.com\/fr\/students-opportunities\/\" \/>\n<meta property=\"og:site_name\" content=\"PROS\" \/>\n<meta property=\"article:publisher\" content=\"https:\/\/www.facebook.com\/PROSInc\" \/>\n<meta property=\"article:modified_time\" content=\"2025-08-12T11:20:50+00:00\" \/>\n<meta property=\"og:image\" content=\"https:\/\/s28288.pros.com\/wp-content\/uploads\/2025\/05\/pros-internships.webp\" \/>\n\t<meta property=\"og:image:width\" content=\"1800\" \/>\n\t<meta property=\"og:image:height\" content=\"800\" \/>\n\t<meta property=\"og:image:type\" content=\"image\/webp\" \/>\n<meta name=\"twitter:card\" content=\"summary_large_image\" \/>\n<meta name=\"twitter:site\" content=\"@PROS_Inc\" \/>\n<script type=\"application\/ld+json\" class=\"yoast-schema-graph\">{\"@context\":\"https:\/\/schema.org\",\"@graph\":[{\"@type\":\"WebPage\",\"@id\":\"https:\/\/s28288.pros.com\/students-opportunities\/\",\"url\":\"https:\/\/s28288.pros.com\/students-opportunities\/\",\"name\":\"PROS Internships | PROS\",\"isPartOf\":{\"@id\":\"https:\/\/s28288.pros.com\/#website\"},\"primaryImageOfPage\":{\"@id\":\"https:\/\/s28288.pros.com\/students-opportunities\/#primaryimage\"},\"image\":{\"@id\":\"https:\/\/s28288.pros.com\/students-opportunities\/#primaryimage\"},\"thumbnailUrl\":\"https:\/\/s28288.pros.com\/wp-content\/uploads\/2025\/05\/pros-internships-1024x455.webp\",\"datePublished\":\"2025-04-14T13:45:46+00:00\",\"dateModified\":\"2025-08-12T11:20:50+00:00\",\"description\":\"We help steer future careers. View internship opportunities.\",\"breadcrumb\":{\"@id\":\"https:\/\/s28288.pros.com\/students-opportunities\/#breadcrumb\"},\"inLanguage\":\"fr-FR\",\"potentialAction\":[{\"@type\":\"ReadAction\",\"target\":[\"https:\/\/s28288.pros.com\/students-opportunities\/\"]}]},{\"@type\":\"ImageObject\",\"inLanguage\":\"fr-FR\",\"@id\":\"https:\/\/s28288.pros.com\/students-opportunities\/#primaryimage\",\"url\":\"https:\/\/s28288.pros.com\/wp-content\/uploads\/2025\/05\/pros-internships-1024x455.webp\",\"contentUrl\":\"https:\/\/s28288.pros.com\/wp-content\/uploads\/2025\/05\/pros-internships-1024x455.webp\"},{\"@type\":\"BreadcrumbList\",\"@id\":\"https:\/\/s28288.pros.com\/students-opportunities\/#breadcrumb\",\"itemListElement\":[{\"@type\":\"ListItem\",\"position\":1,\"name\":\"Home\",\"item\":\"https:\/\/s28288.pros.com\/\"},{\"@type\":\"ListItem\",\"position\":2,\"name\":\"PROS Internships\"}]},{\"@type\":\"WebSite\",\"@id\":\"https:\/\/s28288.pros.com\/#website\",\"url\":\"https:\/\/s28288.pros.com\/\",\"name\":\"PROS\",\"description\":\"AI-powered airline retailing and offer management platform\",\"publisher\":{\"@id\":\"https:\/\/s28288.pros.com\/#organization\"},\"potentialAction\":[{\"@type\":\"SearchAction\",\"target\":{\"@type\":\"EntryPoint\",\"urlTemplate\":\"https:\/\/s28288.pros.com\/?s={search_term_string}\"},\"query-input\":{\"@type\":\"PropertyValueSpecification\",\"valueRequired\":true,\"valueName\":\"search_term_string\"}}],\"inLanguage\":\"fr-FR\"},{\"@type\":\"Organization\",\"@id\":\"https:\/\/s28288.pros.com\/#organization\",\"name\":\"PROS, Inc.\",\"url\":\"https:\/\/s28288.pros.com\/\",\"logo\":{\"@type\":\"ImageObject\",\"inLanguage\":\"fr-FR\",\"@id\":\"https:\/\/s28288.pros.com\/#\/schema\/logo\/image\/\",\"url\":\"https:\/\/s28288.pros.com\/wp-content\/uploads\/2025\/04\/Pros-logo-1.png\",\"contentUrl\":\"https:\/\/s28288.pros.com\/wp-content\/uploads\/2025\/04\/Pros-logo-1.png\",\"width\":262,\"height\":75,\"caption\":\"PROS, Inc.\"},\"image\":{\"@id\":\"https:\/\/s28288.pros.com\/#\/schema\/logo\/image\/\"},\"sameAs\":[\"https:\/\/www.facebook.com\/PROSInc\",\"https:\/\/x.com\/PROS_Inc\",\"https:\/\/www.instagram.com\/pros.inc\/\",\"https:\/\/www.linkedin.com\/company\/pros\/\",\"https:\/\/www.youtube.com\/user\/PROSpricing\"],\"diversityStaffingReport\":\"https:\/\/s28288.pros.com\/about-pros\/diversity-and-inclusion\/\"}]}<\/script>\n<!-- \/ Yoast SEO Premium plugin. -->","yoast_head_json":{"title":"PROS Internships | PROS","description":"We help steer future careers. View internship opportunities.","robots":{"index":"noindex","follow":"follow","max-snippet":"max-snippet:-1","max-image-preview":"max-image-preview:large","max-video-preview":"max-video-preview:-1"},"og_locale":"fr_FR","og_type":"article","og_title":"PROS Internships","og_description":"We help steer future careers. View internship opportunities.","og_url":"https:\/\/s28288.pros.com\/fr\/students-opportunities\/","og_site_name":"PROS","article_publisher":"https:\/\/www.facebook.com\/PROSInc","article_modified_time":"2025-08-12T11:20:50+00:00","og_image":[{"width":1800,"height":800,"url":"https:\/\/s28288.pros.com\/wp-content\/uploads\/2025\/05\/pros-internships.webp","type":"image\/webp"}],"twitter_card":"summary_large_image","twitter_site":"@PROS_Inc","schema":{"@context":"https:\/\/schema.org","@graph":[{"@type":"WebPage","@id":"https:\/\/s28288.pros.com\/students-opportunities\/","url":"https:\/\/s28288.pros.com\/students-opportunities\/","name":"PROS Internships | PROS","isPartOf":{"@id":"https:\/\/s28288.pros.com\/#website"},"primaryImageOfPage":{"@id":"https:\/\/s28288.pros.com\/students-opportunities\/#primaryimage"},"image":{"@id":"https:\/\/s28288.pros.com\/students-opportunities\/#primaryimage"},"thumbnailUrl":"https:\/\/s28288.pros.com\/wp-content\/uploads\/2025\/05\/pros-internships-1024x455.webp","datePublished":"2025-04-14T13:45:46+00:00","dateModified":"2025-08-12T11:20:50+00:00","description":"We help steer future careers. View internship opportunities.","breadcrumb":{"@id":"https:\/\/s28288.pros.com\/students-opportunities\/#breadcrumb"},"inLanguage":"fr-FR","potentialAction":[{"@type":"ReadAction","target":["https:\/\/s28288.pros.com\/students-opportunities\/"]}]},{"@type":"ImageObject","inLanguage":"fr-FR","@id":"https:\/\/s28288.pros.com\/students-opportunities\/#primaryimage","url":"https:\/\/s28288.pros.com\/wp-content\/uploads\/2025\/05\/pros-internships-1024x455.webp","contentUrl":"https:\/\/s28288.pros.com\/wp-content\/uploads\/2025\/05\/pros-internships-1024x455.webp"},{"@type":"BreadcrumbList","@id":"https:\/\/s28288.pros.com\/students-opportunities\/#breadcrumb","itemListElement":[{"@type":"ListItem","position":1,"name":"Home","item":"https:\/\/s28288.pros.com\/"},{"@type":"ListItem","position":2,"name":"PROS Internships"}]},{"@type":"WebSite","@id":"https:\/\/s28288.pros.com\/#website","url":"https:\/\/s28288.pros.com\/","name":"PROS","description":"AI-powered airline retailing and offer management platform","publisher":{"@id":"https:\/\/s28288.pros.com\/#organization"},"potentialAction":[{"@type":"SearchAction","target":{"@type":"EntryPoint","urlTemplate":"https:\/\/s28288.pros.com\/?s={search_term_string}"},"query-input":{"@type":"PropertyValueSpecification","valueRequired":true,"valueName":"search_term_string"}}],"inLanguage":"fr-FR"},{"@type":"Organization","@id":"https:\/\/s28288.pros.com\/#organization","name":"PROS, Inc.","url":"https:\/\/s28288.pros.com\/","logo":{"@type":"ImageObject","inLanguage":"fr-FR","@id":"https:\/\/s28288.pros.com\/#\/schema\/logo\/image\/","url":"https:\/\/s28288.pros.com\/wp-content\/uploads\/2025\/04\/Pros-logo-1.png","contentUrl":"https:\/\/s28288.pros.com\/wp-content\/uploads\/2025\/04\/Pros-logo-1.png","width":262,"height":75,"caption":"PROS, Inc."},"image":{"@id":"https:\/\/s28288.pros.com\/#\/schema\/logo\/image\/"},"sameAs":["https:\/\/www.facebook.com\/PROSInc","https:\/\/x.com\/PROS_Inc","https:\/\/www.instagram.com\/pros.inc\/","https:\/\/www.linkedin.com\/company\/pros\/","https:\/\/www.youtube.com\/user\/PROSpricing"],"diversityStaffingReport":"https:\/\/s28288.pros.com\/about-pros\/diversity-and-inclusion\/"}]}},"_links":{"self":[{"href":"https:\/\/s28288.pros.com\/fr\/wp-json\/wp\/v2\/pages\/62571","targetHints":{"allow":["GET"]}}],"collection":[{"href":"https:\/\/s28288.pros.com\/fr\/wp-json\/wp\/v2\/pages"}],"about":[{"href":"https:\/\/s28288.pros.com\/fr\/wp-json\/wp\/v2\/types\/page"}],"author":[{"embeddable":true,"href":"https:\/\/s28288.pros.com\/fr\/wp-json\/wp\/v2\/users\/2"}],"replies":[{"embeddable":true,"href":"https:\/\/s28288.pros.com\/fr\/wp-json\/wp\/v2\/comments?post=62571"}],"version-history":[{"count":7,"href":"https:\/\/s28288.pros.com\/fr\/wp-json\/wp\/v2\/pages\/62571\/revisions"}],"predecessor-version":[{"id":62581,"href":"https:\/\/s28288.pros.com\/fr\/wp-json\/wp\/v2\/pages\/62571\/revisions\/62581"}],"wp:attachment":[{"href":"https:\/\/s28288.pros.com\/fr\/wp-json\/wp\/v2\/media?parent=62571"}],"curies":[{"name":"wp","href":"https:\/\/api.w.org\/{rel}","templated":true}]}}