{"id":63389,"date":"2025-04-23T15:13:15","date_gmt":"2025-04-23T15:13:15","guid":{"rendered":"https:\/\/pros.com\/?page_id=63389"},"modified":"2025-05-29T11:58:38","modified_gmt":"2025-05-29T11:58:38","slug":"contact-us-partners","status":"publish","type":"page","link":"https:\/\/s28288.pros.com\/de\/contact-us-partners\/","title":{"rendered":"Partner-Anfragen"},"content":{"rendered":"<div data-elementor-type=\"wp-page\" data-elementor-id=\"63389\" class=\"elementor elementor-63389\" data-elementor-post-type=\"page\">\n\t\t\t\t<div class=\"elementor-element elementor-element-4a518eae e-con-full e-flex e-con e-child\" data-id=\"4a518eae\" data-element_type=\"container\" data-e-type=\"container\" id=\"subheader\" data-settings=\"{&quot;background_background&quot;:&quot;classic&quot;}\">\n\t\t<div class=\"elementor-element elementor-element-53cbe65d e-flex e-con-boxed e-con e-child\" data-id=\"53cbe65d\" data-element_type=\"container\" data-e-type=\"container\">\n\t\t\t\t\t<div class=\"e-con-inner\">\n\t\t\t\t<div class=\"elementor-element elementor-element-41900587 elementor-widget elementor-widget-heading\" data-id=\"41900587\" data-element_type=\"widget\" data-e-type=\"widget\" data-widget_type=\"heading.default\">\n\t\t\t\t\t<h1 class=\"elementor-heading-title elementor-size-default\">Partner-Anfragen<\/h1>\t\t\t\t<\/div>\n\t\t\t\t\t<\/div>\n\t\t\t\t<\/div>\n\t\t\t\t<\/div>\n\t\t<div class=\"elementor-element elementor-element-f87bcb3 e-con-full e-flex e-con e-parent\" data-id=\"f87bcb3\" data-element_type=\"container\" data-e-type=\"container\">\n\t\t<div class=\"elementor-element elementor-element-3674960a e-flex e-con-boxed e-con e-child\" data-id=\"3674960a\" data-element_type=\"container\" data-e-type=\"container\">\n\t\t\t\t\t<div class=\"e-con-inner\">\n\t\t<div class=\"elementor-element elementor-element-2999a85b e-con-full e-flex e-con e-child\" data-id=\"2999a85b\" data-element_type=\"container\" data-e-type=\"container\">\n\t\t\t\t<div class=\"elementor-element elementor-element-6a3bea9 elementor-widget elementor-widget-heading\" data-id=\"6a3bea9\" data-element_type=\"widget\" data-e-type=\"widget\" data-widget_type=\"heading.default\">\n\t\t\t\t\t<h2 class=\"elementor-heading-title elementor-size-default\">Partnerschaft mit PROS<\/h2>\t\t\t\t<\/div>\n\t\t\t\t<div class=\"elementor-element elementor-element-43bac206 elementor-widget elementor-widget-text-editor\" data-id=\"43bac206\" data-element_type=\"widget\" data-e-type=\"widget\" data-widget_type=\"text-editor.default\">\n\t\t\t\t\t\t\t\t\t<p>Sind Sie an einer Partnerschaft mit PROS interessiert? Wir sind bestrebt, strategische Beziehungen aufzubauen, die f\u00fcr beide Seiten Vorteile bringen. Bitte f\u00fcllen Sie das Formular aus, um mit uns ins Gespr\u00e4ch zu kommen.<\/p>\t\t\t\t\t\t\t\t<\/div>\n\t\t\t\t<\/div>\n\t\t<div class=\"elementor-element elementor-element-5c86369 e-con-full e-flex e-con e-child\" data-id=\"5c86369\" data-element_type=\"container\" data-e-type=\"container\">\n\t\t<div class=\"elementor-element elementor-element-11ebca3 e-con-full e-flex e-con e-child\" data-id=\"11ebca3\" data-element_type=\"container\" data-e-type=\"container\" data-settings=\"{&quot;background_background&quot;:&quot;classic&quot;}\">\n\t\t\t\t<div class=\"elementor-element elementor-element-5c6dd84 elementor-widget elementor-widget-heading\" data-id=\"5c6dd84\" data-element_type=\"widget\" data-e-type=\"widget\" data-widget_type=\"heading.default\">\n\t\t\t\t\t<h2 class=\"elementor-heading-title elementor-size-default\">Kontakt aufnehmen<\/h2>\t\t\t\t<\/div>\n\t\t\t\t<div class=\"elementor-element elementor-element-dc26e86 elementor-widget elementor-widget-marketo-form\" data-id=\"dc26e86\" data-element_type=\"widget\" data-e-type=\"widget\" data-settings=\"{&quot;form_id&quot;:&quot;3304&quot;,&quot;thank_you_message&quot;:&quot;Thank You for your interest in PROS. A representative from the PROS team will get in touch shortly.&quot;}\" data-widget_type=\"marketo-form.default\">\n\t\t\t\t<div class=\"elementor-widget-container\">\n\t\t\t\t\t<script>window.tkmessage=\"Thank You for your interest in PROS. A representative from the PROS team will get in touch shortly.\";<\/script><form class=\"marketo\" id=\"mktoForm_3304\"  data-form=\"3304\" action=\"\"><input type=\"hidden\" name=\"trp-form-language\" value=\"de\"\/><\/form>\t\t\t\t<\/div>\n\t\t\t\t<\/div>\n\t\t<div class=\"elementor-element elementor-element-2c0752d e-con-full e-flex e-con e-child\" data-id=\"2c0752d\" data-element_type=\"container\" data-e-type=\"container\">\n\t\t\t\t<div class=\"elementor-element elementor-element-6d3195a elementor-widget elementor-widget-text-editor\" data-id=\"6d3195a\" data-element_type=\"widget\" data-e-type=\"widget\" data-widget_type=\"text-editor.default\">\n\t\t\t\t\t\t\t\t\t<p>* Erforderliche Felder<\/p>\t\t\t\t\t\t\t\t<\/div>\n\t\t\t\t<div class=\"elementor-element elementor-element-d9a1d2f btn-subhead elementor-widget elementor-widget-button\" data-id=\"d9a1d2f\" data-element_type=\"widget\" data-e-type=\"widget\" data-widget_type=\"button.default\">\n\t\t\t\t\t\t\t\t\t\t<a class=\"elementor-button elementor-button-link elementor-size-sm\" href=\"https:\/\/s28288.pros.com\/de\/privacy-notice\/\">\n\t\t\t\t\t\t<span class=\"elementor-button-content-wrapper\">\n\t\t\t\t\t\t<span class=\"elementor-button-icon\">\n\t\t\t\t<i aria-hidden=\"true\" class=\"icon icon-arrow-right-21\"><\/i>\t\t\t<\/span>\n\t\t\t\t\t\t\t\t\t<span class=\"elementor-button-text\">Datenschutzbestimmungen<\/span>\n\t\t\t\t\t<\/span>\n\t\t\t\t\t<\/a>\n\t\t\t\t\t\t\t\t<\/div>\n\t\t\t\t<\/div>\n\t\t\t\t<\/div>\n\t\t\t\t<\/div>\n\t\t\t\t\t<\/div>\n\t\t\t\t<\/div>\n\t\t\t\t<\/div>\n\t\t\t\t<\/div>","protected":false},"excerpt":{"rendered":"<p>Partner with PROS Interested in partnering with PROS? We\u2019re committed to building strategic relationships that deliver mutual value. Please complete the form to begin the conversation. Get In Touch * Required Fields Privacy Policy<\/p>","protected":false},"author":7,"featured_media":0,"parent":0,"menu_order":0,"comment_status":"closed","ping_status":"closed","template":"","meta":{"_acf_changed":false,"inline_featured_image":false,"footnotes":""},"class_list":["post-63389","page","type-page","status-publish","hentry"],"acf":[],"yoast_head":"<!-- This site is optimized with the Yoast SEO Premium plugin v27.0 (Yoast SEO v27.1.1) - https:\/\/yoast.com\/product\/yoast-seo-premium-wordpress\/ -->\n<title>Partner Inquiries | PROS<\/title>\n<meta name=\"description\" content=\"Connect with the PROS team for general inquiries or support\u2014reach out online or call us directly to get the information and assistance you need!\" \/>\n<meta name=\"robots\" content=\"noindex, follow, max-snippet:-1, max-image-preview:large, max-video-preview:-1\" \/>\n<meta property=\"og:locale\" content=\"de_DE\" \/>\n<meta property=\"og:type\" content=\"article\" \/>\n<meta property=\"og:title\" content=\"Partner Inquiries\" \/>\n<meta property=\"og:description\" content=\"Connect with the PROS team for general inquiries or support\u2014reach out online or call us directly to get the information and assistance you need!\" \/>\n<meta property=\"og:url\" content=\"https:\/\/s28288.pros.com\/de\/contact-us-partners\/\" \/>\n<meta property=\"og:site_name\" content=\"PROS\" \/>\n<meta property=\"article:publisher\" content=\"https:\/\/www.facebook.com\/PROSInc\" \/>\n<meta property=\"article:modified_time\" content=\"2025-05-29T11:58:38+00:00\" \/>\n<meta property=\"og:image\" content=\"https:\/\/s28288.pros.com\/wp-content\/uploads\/2025\/05\/PROS_logo_512x512.png\" \/>\n\t<meta property=\"og:image:width\" content=\"512\" \/>\n\t<meta property=\"og:image:height\" content=\"512\" \/>\n\t<meta property=\"og:image:type\" content=\"image\/png\" \/>\n<meta name=\"twitter:card\" content=\"summary_large_image\" \/>\n<meta name=\"twitter:site\" content=\"@PROS_Inc\" \/>\n<script type=\"application\/ld+json\" class=\"yoast-schema-graph\">{\"@context\":\"https:\/\/schema.org\",\"@graph\":[{\"@type\":\"WebPage\",\"@id\":\"https:\/\/s28288.pros.com\/contact-us-partners\/\",\"url\":\"https:\/\/s28288.pros.com\/contact-us-partners\/\",\"name\":\"Partner Inquiries | PROS\",\"isPartOf\":{\"@id\":\"https:\/\/s28288.pros.com\/#website\"},\"datePublished\":\"2025-04-23T15:13:15+00:00\",\"dateModified\":\"2025-05-29T11:58:38+00:00\",\"description\":\"Connect with the PROS team for general inquiries or support\u2014reach out online or call us directly to get the information and assistance you need!\",\"breadcrumb\":{\"@id\":\"https:\/\/s28288.pros.com\/contact-us-partners\/#breadcrumb\"},\"inLanguage\":\"de-DE-formal\",\"potentialAction\":[{\"@type\":\"ReadAction\",\"target\":[\"https:\/\/s28288.pros.com\/contact-us-partners\/\"]}]},{\"@type\":\"BreadcrumbList\",\"@id\":\"https:\/\/s28288.pros.com\/contact-us-partners\/#breadcrumb\",\"itemListElement\":[{\"@type\":\"ListItem\",\"position\":1,\"name\":\"Home\",\"item\":\"https:\/\/s28288.pros.com\/\"},{\"@type\":\"ListItem\",\"position\":2,\"name\":\"Partner Inquiries\"}]},{\"@type\":\"WebSite\",\"@id\":\"https:\/\/s28288.pros.com\/#website\",\"url\":\"https:\/\/s28288.pros.com\/\",\"name\":\"PROS\",\"description\":\"AI-powered airline retailing and offer management platform\",\"publisher\":{\"@id\":\"https:\/\/s28288.pros.com\/#organization\"},\"potentialAction\":[{\"@type\":\"SearchAction\",\"target\":{\"@type\":\"EntryPoint\",\"urlTemplate\":\"https:\/\/s28288.pros.com\/?s={search_term_string}\"},\"query-input\":{\"@type\":\"PropertyValueSpecification\",\"valueRequired\":true,\"valueName\":\"search_term_string\"}}],\"inLanguage\":\"de-DE-formal\"},{\"@type\":\"Organization\",\"@id\":\"https:\/\/s28288.pros.com\/#organization\",\"name\":\"PROS, Inc.\",\"url\":\"https:\/\/s28288.pros.com\/\",\"logo\":{\"@type\":\"ImageObject\",\"inLanguage\":\"de-DE-formal\",\"@id\":\"https:\/\/s28288.pros.com\/#\/schema\/logo\/image\/\",\"url\":\"https:\/\/s28288.pros.com\/wp-content\/uploads\/2025\/04\/Pros-logo-1.png\",\"contentUrl\":\"https:\/\/s28288.pros.com\/wp-content\/uploads\/2025\/04\/Pros-logo-1.png\",\"width\":262,\"height\":75,\"caption\":\"PROS, Inc.\"},\"image\":{\"@id\":\"https:\/\/s28288.pros.com\/#\/schema\/logo\/image\/\"},\"sameAs\":[\"https:\/\/www.facebook.com\/PROSInc\",\"https:\/\/x.com\/PROS_Inc\",\"https:\/\/www.instagram.com\/pros.inc\/\",\"https:\/\/www.linkedin.com\/company\/pros\/\",\"https:\/\/www.youtube.com\/user\/PROSpricing\"],\"diversityStaffingReport\":\"https:\/\/s28288.pros.com\/about-pros\/diversity-and-inclusion\/\"}]}<\/script>\n<!-- \/ Yoast SEO Premium plugin. -->","yoast_head_json":{"title":"Partner Inquiries | PROS","description":"Connect with the PROS team for general inquiries or support\u2014reach out online or call us directly to get the information and assistance you need!","robots":{"index":"noindex","follow":"follow","max-snippet":"max-snippet:-1","max-image-preview":"max-image-preview:large","max-video-preview":"max-video-preview:-1"},"og_locale":"de_DE","og_type":"article","og_title":"Partner Inquiries","og_description":"Connect with the PROS team for general inquiries or support\u2014reach out online or call us directly to get the information and assistance you need!","og_url":"https:\/\/s28288.pros.com\/de\/contact-us-partners\/","og_site_name":"PROS","article_publisher":"https:\/\/www.facebook.com\/PROSInc","article_modified_time":"2025-05-29T11:58:38+00:00","og_image":[{"width":512,"height":512,"url":"https:\/\/s28288.pros.com\/wp-content\/uploads\/2025\/05\/PROS_logo_512x512.png","type":"image\/png"}],"twitter_card":"summary_large_image","twitter_site":"@PROS_Inc","schema":{"@context":"https:\/\/schema.org","@graph":[{"@type":"WebPage","@id":"https:\/\/s28288.pros.com\/contact-us-partners\/","url":"https:\/\/s28288.pros.com\/contact-us-partners\/","name":"Partner Inquiries | PROS","isPartOf":{"@id":"https:\/\/s28288.pros.com\/#website"},"datePublished":"2025-04-23T15:13:15+00:00","dateModified":"2025-05-29T11:58:38+00:00","description":"Connect with the PROS team for general inquiries or support\u2014reach out online or call us directly to get the information and assistance you need!","breadcrumb":{"@id":"https:\/\/s28288.pros.com\/contact-us-partners\/#breadcrumb"},"inLanguage":"de-DE-formal","potentialAction":[{"@type":"ReadAction","target":["https:\/\/s28288.pros.com\/contact-us-partners\/"]}]},{"@type":"BreadcrumbList","@id":"https:\/\/s28288.pros.com\/contact-us-partners\/#breadcrumb","itemListElement":[{"@type":"ListItem","position":1,"name":"Home","item":"https:\/\/s28288.pros.com\/"},{"@type":"ListItem","position":2,"name":"Partner Inquiries"}]},{"@type":"WebSite","@id":"https:\/\/s28288.pros.com\/#website","url":"https:\/\/s28288.pros.com\/","name":"die intelligente Preisverwaltung von PROS integrieren,","description":"AI-powered airline retailing and offer management platform","publisher":{"@id":"https:\/\/s28288.pros.com\/#organization"},"potentialAction":[{"@type":"SearchAction","target":{"@type":"EntryPoint","urlTemplate":"https:\/\/s28288.pros.com\/?s={search_term_string}"},"query-input":{"@type":"PropertyValueSpecification","valueRequired":true,"valueName":"search_term_string"}}],"inLanguage":"de-DE-formal"},{"@type":"Organization","@id":"https:\/\/s28288.pros.com\/#organization","name":"PROS, Inc.","url":"https:\/\/s28288.pros.com\/","logo":{"@type":"ImageObject","inLanguage":"de-DE-formal","@id":"https:\/\/s28288.pros.com\/#\/schema\/logo\/image\/","url":"https:\/\/s28288.pros.com\/wp-content\/uploads\/2025\/04\/Pros-logo-1.png","contentUrl":"https:\/\/s28288.pros.com\/wp-content\/uploads\/2025\/04\/Pros-logo-1.png","width":262,"height":75,"caption":"PROS, Inc."},"image":{"@id":"https:\/\/s28288.pros.com\/#\/schema\/logo\/image\/"},"sameAs":["https:\/\/www.facebook.com\/PROSInc","https:\/\/x.com\/PROS_Inc","https:\/\/www.instagram.com\/pros.inc\/","https:\/\/www.linkedin.com\/company\/pros\/","https:\/\/www.youtube.com\/user\/PROSpricing"],"diversityStaffingReport":"https:\/\/s28288.pros.com\/about-pros\/diversity-and-inclusion\/"}]}},"_links":{"self":[{"href":"https:\/\/s28288.pros.com\/de\/wp-json\/wp\/v2\/pages\/63389","targetHints":{"allow":["GET"]}}],"collection":[{"href":"https:\/\/s28288.pros.com\/de\/wp-json\/wp\/v2\/pages"}],"about":[{"href":"https:\/\/s28288.pros.com\/de\/wp-json\/wp\/v2\/types\/page"}],"author":[{"embeddable":true,"href":"https:\/\/s28288.pros.com\/de\/wp-json\/wp\/v2\/users\/7"}],"replies":[{"embeddable":true,"href":"https:\/\/s28288.pros.com\/de\/wp-json\/wp\/v2\/comments?post=63389"}],"version-history":[{"count":0,"href":"https:\/\/s28288.pros.com\/de\/wp-json\/wp\/v2\/pages\/63389\/revisions"}],"wp:attachment":[{"href":"https:\/\/s28288.pros.com\/de\/wp-json\/wp\/v2\/media?parent=63389"}],"curies":[{"name":"wp","href":"https:\/\/api.w.org\/{rel}","templated":true}]}}