{"id":63238,"date":"2025-04-22T16:29:30","date_gmt":"2025-04-22T16:29:30","guid":{"rendered":"https:\/\/pros.com\/?page_id=63238"},"modified":"2025-06-12T18:44:48","modified_gmt":"2025-06-12T18:44:48","slug":"cpra-rights-requests","status":"publish","type":"page","link":"https:\/\/s28288.pros.com\/de\/contracts-center\/cpra-rights-requests\/","title":{"rendered":"CPRA-Rechteanfragen"},"content":{"rendered":"<div data-elementor-type=\"wp-page\" data-elementor-id=\"63238\" class=\"elementor elementor-63238\" data-elementor-post-type=\"page\">\n\t\t\t\t<div class=\"elementor-element elementor-element-68347698 e-con-full e-flex e-con e-child\" data-id=\"68347698\" data-element_type=\"container\" data-e-type=\"container\" id=\"subheader\" data-settings=\"{&quot;background_background&quot;:&quot;classic&quot;}\">\n\t\t<div class=\"elementor-element elementor-element-2c7a640 e-flex e-con-boxed e-con e-child\" data-id=\"2c7a640\" data-element_type=\"container\" data-e-type=\"container\">\n\t\t\t\t\t<div class=\"e-con-inner\">\n\t\t\t\t<div class=\"elementor-element elementor-element-54804d15 elementor-widget elementor-widget-heading\" data-id=\"54804d15\" data-element_type=\"widget\" data-e-type=\"widget\" data-widget_type=\"heading.default\">\n\t\t\t\t\t<h1 class=\"elementor-heading-title elementor-size-default\">CPRA-Rechteanfragen<\/h1>\t\t\t\t<\/div>\n\t\t\t\t\t<\/div>\n\t\t\t\t<\/div>\n\t\t\t\t<\/div>\n\t\t<div class=\"elementor-element elementor-element-6adfa80 e-flex e-con-boxed e-con e-parent\" data-id=\"6adfa80\" data-element_type=\"container\" data-e-type=\"container\">\n\t\t\t\t\t<div class=\"e-con-inner\">\n\t\t\t\t<div class=\"elementor-element elementor-element-7c92375 elementor-widget elementor-widget-heading\" data-id=\"7c92375\" data-element_type=\"widget\" data-e-type=\"widget\" data-widget_type=\"heading.default\">\n\t\t\t\t\t<h2 class=\"elementor-heading-title elementor-size-default\">Antr\u00e4ge auf CPRA-Rechte f\u00fcr in Kalifornien ans\u00e4ssige Personen: Zugang, L\u00f6schung<\/h2>\t\t\t\t<\/div>\n\t\t\t\t<div class=\"elementor-element elementor-element-d274478 elementor-widget elementor-widget-text-editor\" data-id=\"d274478\" data-element_type=\"widget\" data-e-type=\"widget\" data-widget_type=\"text-editor.default\">\n\t\t\t\t\t\t\t\t\t<p>Sie k\u00f6nnen Ihre Rechte gem\u00e4\u00df dem California Privacy Rights Act (\"CPRA\") aus\u00fcben, indem Sie entweder das nachstehende Formular ausf\u00fcllen oder PROS unter 1-800-555-3548 (Option 4) anrufen. Bitte beachten Sie, dass wir uns mit Ihnen in Verbindung setzen k\u00f6nnen, wenn wir zus\u00e4tzliche Informationen ben\u00f6tigen, z. B. zur \u00dcberpr\u00fcfung Ihrer Identit\u00e4t und Ihres Wohnsitzes, bevor wir Ihren Antrag auf Rechte ausf\u00fcllen. Sie k\u00f6nnen Ihre Rechte nach dem CPRA auch aus\u00fcben, indem Sie uns eine E-Mail schicken an <a href=\"mailto:privacy@pros.com\">privacy@pros.com<\/a> oder senden Sie Ihre Anfrage per Post an PROS, Inc, Attn: Privacy Dept., 3200 Kirby Drive, Suite 600, Houston, TX 77098, USA.<\/p><p><strong>Ihre Rechte:<\/strong>\u00a0Informationen \u00fcber Ihre Rechte und allgemeine Informationen dar\u00fcber, wie wir mit pers\u00f6nlichen Daten kalifornischer Verbraucher umgehen, finden Sie auf unserer\u00a0<a href=\"https:\/\/s28288.pros.com\/privacy-notice\/\">Datenschutzbestimmungen<\/a>\u00a0und den besonderen Hinweis f\u00fcr Einwohner von Kalifornien\u00a0<a href=\"https:\/\/s28288.pros.com\/privacy-notice\/\">hier klicken<\/a>.<\/p><p><strong>Einreichungen von Agenten:<\/strong>\u00a0Wenn Sie einen Bevollm\u00e4chtigten mit der Einreichung Ihres Antrags beauftragen, muss dieser eine beglaubigte Kopie Ihrer schriftlichen Erlaubnis vorlegen, damit der Bevollm\u00e4chtigte in Ihrem Namen in Bezug auf Ihre Datenschutzrechte handeln kann. Wenn Sie ein bevollm\u00e4chtigter Vertreter sind, der eine Anfrage einreicht, f\u00fcllen Sie bitte das nachstehende Formular aus, drucken Sie eine Kopie aus und senden Sie diese Kopie zusammen mit der notariell beglaubigten Einreichung per E-Mail an\u00a0<a href=\"mailto:privacy@pros.com\">privacy@pros.com<\/a>.<\/p><p><strong>Fragen:<\/strong>\u00a0Wenn Sie Fragen zu diesem Webformular haben, kontaktieren Sie uns bitte unter\u00a0<a href=\"mailto:privacy@pros.com\">privacy@pros.com<\/a>.<\/p>\t\t\t\t\t\t\t\t<\/div>\n\t\t\t\t<div class=\"elementor-element elementor-element-d1bbf4d elementor-widget__width-initial elementor-widget elementor-widget-html\" data-id=\"d1bbf4d\" data-element_type=\"widget\" data-e-type=\"widget\" data-widget_type=\"html.default\">\n\t\t\t\t\t<script src=\"\/\/info.pros.com\/js\/forms2\/js\/forms2.min.js\"><\/script> <form id=\"mktoForm_2226\" action=\"\"><input type=\"hidden\" name=\"trp-form-language\" value=\"de\"\/><\/form> <script>MktoForms2.loadForm(\"\/\/info.pros.com\", \"195-ZTW-739\", 2226);<\/script>\n<script>\n  MktoForms2.whenReady(function(form) {\n    if (form.getId() === 2226) { \/\/ Attach only to form 2226\n      form.onSuccess(function(values, followUpUrl) {\n        \/\/ Push event to dataLayer\n        dataLayer.push({\n          'event': 'marketo.success',\n          'marketo.form_id': form.getId()\n        });\n\n        \/\/ Instead of hiding the entire form, clear it and show thank you message\n        var formContainer = document.querySelector(\"#mktoForm_2226\");\n        if (formContainer) {\n          formContainer.innerHTML = '<strong>Thank you for your inquiry. We are reviewing your request and will respond as soon as possible.<\/strong>';\n        }\n\n        \/\/ Prevent default Marketo behavior\n        return false;\n      });\n    }\n  });\n<\/script>\t\t\t\t<\/div>\n\t\t\t\t\t<\/div>\n\t\t\t\t<\/div>\n\t\t\t\t<\/div>","protected":false},"excerpt":{"rendered":"<p>California Resident CPRA Rights Requests: Access, Deletion You may exercise your rights under the California Privacy Rights Act (\u201cCPRA\u201d) by either completing the form below, or by calling PROS at 1-800-555-3548 option 4. Required fields are marked with an asterisk.* Please note that we may contact you if we need additional information, such as to [&hellip;]<\/p>\n","protected":false},"author":1,"featured_media":0,"parent":62477,"menu_order":0,"comment_status":"closed","ping_status":"closed","template":"","meta":{"_acf_changed":false,"inline_featured_image":false,"footnotes":""},"class_list":["post-63238","page","type-page","status-publish","hentry"],"acf":[],"yoast_head":"<!-- This site is optimized with the Yoast SEO Premium plugin v27.0 (Yoast SEO v27.1.1) - https:\/\/yoast.com\/product\/yoast-seo-premium-wordpress\/ -->\n<title>CPRA Rights Requests | PROS<\/title>\n<meta name=\"robots\" content=\"noindex, follow, max-snippet:-1, max-image-preview:large, max-video-preview:-1\" \/>\n<meta property=\"og:locale\" content=\"de_DE\" \/>\n<meta property=\"og:type\" content=\"article\" \/>\n<meta property=\"og:title\" content=\"CPRA Rights Requests\" \/>\n<meta property=\"og:description\" content=\"California Resident CPRA Rights Requests: Access, Deletion You may exercise your rights under the California Privacy Rights Act (\u201cCPRA\u201d) by either completing the form below, or by calling PROS at 1-800-555-3548 option 4. Required fields are marked with an asterisk.* Please note that we may contact you if we need additional information, such as to [&hellip;]\" \/>\n<meta property=\"og:url\" content=\"https:\/\/s28288.pros.com\/de\/contracts-center\/cpra-rights-requests\/\" \/>\n<meta property=\"og:site_name\" content=\"PROS\" \/>\n<meta property=\"article:publisher\" content=\"https:\/\/www.facebook.com\/PROSInc\" \/>\n<meta property=\"article:modified_time\" content=\"2025-06-12T18:44:48+00:00\" \/>\n<meta property=\"og:image\" content=\"https:\/\/s28288.pros.com\/wp-content\/uploads\/2025\/05\/PROS_logo_512x512.png\" \/>\n\t<meta property=\"og:image:width\" content=\"512\" \/>\n\t<meta property=\"og:image:height\" content=\"512\" \/>\n\t<meta property=\"og:image:type\" content=\"image\/png\" \/>\n<meta name=\"twitter:card\" content=\"summary_large_image\" \/>\n<meta name=\"twitter:site\" content=\"@PROS_Inc\" \/>\n<script type=\"application\/ld+json\" class=\"yoast-schema-graph\">{\"@context\":\"https:\/\/schema.org\",\"@graph\":[{\"@type\":\"WebPage\",\"@id\":\"https:\/\/s28288.pros.com\/contracts-center\/cpra-rights-requests\/\",\"url\":\"https:\/\/s28288.pros.com\/contracts-center\/cpra-rights-requests\/\",\"name\":\"CPRA Rights Requests | PROS\",\"isPartOf\":{\"@id\":\"https:\/\/s28288.pros.com\/#website\"},\"datePublished\":\"2025-04-22T16:29:30+00:00\",\"dateModified\":\"2025-06-12T18:44:48+00:00\",\"breadcrumb\":{\"@id\":\"https:\/\/s28288.pros.com\/contracts-center\/cpra-rights-requests\/#breadcrumb\"},\"inLanguage\":\"de-DE-formal\",\"potentialAction\":[{\"@type\":\"ReadAction\",\"target\":[\"https:\/\/s28288.pros.com\/contracts-center\/cpra-rights-requests\/\"]}]},{\"@type\":\"BreadcrumbList\",\"@id\":\"https:\/\/s28288.pros.com\/contracts-center\/cpra-rights-requests\/#breadcrumb\",\"itemListElement\":[{\"@type\":\"ListItem\",\"position\":1,\"name\":\"Home\",\"item\":\"https:\/\/s28288.pros.com\/\"},{\"@type\":\"ListItem\",\"position\":2,\"name\":\"Contracts Center\",\"item\":\"https:\/\/s28288.pros.com\/contracts-center\/\"},{\"@type\":\"ListItem\",\"position\":3,\"name\":\"CPRA Rights Requests\"}]},{\"@type\":\"WebSite\",\"@id\":\"https:\/\/s28288.pros.com\/#website\",\"url\":\"https:\/\/s28288.pros.com\/\",\"name\":\"PROS\",\"description\":\"AI-powered airline retailing and offer management platform\",\"publisher\":{\"@id\":\"https:\/\/s28288.pros.com\/#organization\"},\"potentialAction\":[{\"@type\":\"SearchAction\",\"target\":{\"@type\":\"EntryPoint\",\"urlTemplate\":\"https:\/\/s28288.pros.com\/?s={search_term_string}\"},\"query-input\":{\"@type\":\"PropertyValueSpecification\",\"valueRequired\":true,\"valueName\":\"search_term_string\"}}],\"inLanguage\":\"de-DE-formal\"},{\"@type\":\"Organization\",\"@id\":\"https:\/\/s28288.pros.com\/#organization\",\"name\":\"PROS, Inc.\",\"url\":\"https:\/\/s28288.pros.com\/\",\"logo\":{\"@type\":\"ImageObject\",\"inLanguage\":\"de-DE-formal\",\"@id\":\"https:\/\/s28288.pros.com\/#\/schema\/logo\/image\/\",\"url\":\"https:\/\/s28288.pros.com\/wp-content\/uploads\/2025\/04\/Pros-logo-1.png\",\"contentUrl\":\"https:\/\/s28288.pros.com\/wp-content\/uploads\/2025\/04\/Pros-logo-1.png\",\"width\":262,\"height\":75,\"caption\":\"PROS, Inc.\"},\"image\":{\"@id\":\"https:\/\/s28288.pros.com\/#\/schema\/logo\/image\/\"},\"sameAs\":[\"https:\/\/www.facebook.com\/PROSInc\",\"https:\/\/x.com\/PROS_Inc\",\"https:\/\/www.instagram.com\/pros.inc\/\",\"https:\/\/www.linkedin.com\/company\/pros\/\",\"https:\/\/www.youtube.com\/user\/PROSpricing\"],\"diversityStaffingReport\":\"https:\/\/s28288.pros.com\/about-pros\/diversity-and-inclusion\/\"}]}<\/script>\n<!-- \/ Yoast SEO Premium plugin. -->","yoast_head_json":{"title":"CPRA Rights Requests | PROS","robots":{"index":"noindex","follow":"follow","max-snippet":"max-snippet:-1","max-image-preview":"max-image-preview:large","max-video-preview":"max-video-preview:-1"},"og_locale":"de_DE","og_type":"article","og_title":"CPRA Rights Requests","og_description":"California Resident CPRA Rights Requests: Access, Deletion You may exercise your rights under the California Privacy Rights Act (\u201cCPRA\u201d) by either completing the form below, or by calling PROS at 1-800-555-3548 option 4. Required fields are marked with an asterisk.* Please note that we may contact you if we need additional information, such as to [&hellip;]","og_url":"https:\/\/s28288.pros.com\/de\/contracts-center\/cpra-rights-requests\/","og_site_name":"PROS","article_publisher":"https:\/\/www.facebook.com\/PROSInc","article_modified_time":"2025-06-12T18:44:48+00:00","og_image":[{"width":512,"height":512,"url":"https:\/\/s28288.pros.com\/wp-content\/uploads\/2025\/05\/PROS_logo_512x512.png","type":"image\/png"}],"twitter_card":"summary_large_image","twitter_site":"@PROS_Inc","schema":{"@context":"https:\/\/schema.org","@graph":[{"@type":"WebPage","@id":"https:\/\/s28288.pros.com\/contracts-center\/cpra-rights-requests\/","url":"https:\/\/s28288.pros.com\/contracts-center\/cpra-rights-requests\/","name":"CPRA Rights Requests | PROS","isPartOf":{"@id":"https:\/\/s28288.pros.com\/#website"},"datePublished":"2025-04-22T16:29:30+00:00","dateModified":"2025-06-12T18:44:48+00:00","breadcrumb":{"@id":"https:\/\/s28288.pros.com\/contracts-center\/cpra-rights-requests\/#breadcrumb"},"inLanguage":"de-DE-formal","potentialAction":[{"@type":"ReadAction","target":["https:\/\/s28288.pros.com\/contracts-center\/cpra-rights-requests\/"]}]},{"@type":"BreadcrumbList","@id":"https:\/\/s28288.pros.com\/contracts-center\/cpra-rights-requests\/#breadcrumb","itemListElement":[{"@type":"ListItem","position":1,"name":"Home","item":"https:\/\/s28288.pros.com\/"},{"@type":"ListItem","position":2,"name":"Contracts Center","item":"https:\/\/s28288.pros.com\/contracts-center\/"},{"@type":"ListItem","position":3,"name":"CPRA Rights Requests"}]},{"@type":"WebSite","@id":"https:\/\/s28288.pros.com\/#website","url":"https:\/\/s28288.pros.com\/","name":"die intelligente Preisverwaltung von PROS integrieren,","description":"AI-powered airline retailing and offer management platform","publisher":{"@id":"https:\/\/s28288.pros.com\/#organization"},"potentialAction":[{"@type":"SearchAction","target":{"@type":"EntryPoint","urlTemplate":"https:\/\/s28288.pros.com\/?s={search_term_string}"},"query-input":{"@type":"PropertyValueSpecification","valueRequired":true,"valueName":"search_term_string"}}],"inLanguage":"de-DE-formal"},{"@type":"Organization","@id":"https:\/\/s28288.pros.com\/#organization","name":"PROS, Inc.","url":"https:\/\/s28288.pros.com\/","logo":{"@type":"ImageObject","inLanguage":"de-DE-formal","@id":"https:\/\/s28288.pros.com\/#\/schema\/logo\/image\/","url":"https:\/\/s28288.pros.com\/wp-content\/uploads\/2025\/04\/Pros-logo-1.png","contentUrl":"https:\/\/s28288.pros.com\/wp-content\/uploads\/2025\/04\/Pros-logo-1.png","width":262,"height":75,"caption":"PROS, Inc."},"image":{"@id":"https:\/\/s28288.pros.com\/#\/schema\/logo\/image\/"},"sameAs":["https:\/\/www.facebook.com\/PROSInc","https:\/\/x.com\/PROS_Inc","https:\/\/www.instagram.com\/pros.inc\/","https:\/\/www.linkedin.com\/company\/pros\/","https:\/\/www.youtube.com\/user\/PROSpricing"],"diversityStaffingReport":"https:\/\/s28288.pros.com\/about-pros\/diversity-and-inclusion\/"}]}},"_links":{"self":[{"href":"https:\/\/s28288.pros.com\/de\/wp-json\/wp\/v2\/pages\/63238","targetHints":{"allow":["GET"]}}],"collection":[{"href":"https:\/\/s28288.pros.com\/de\/wp-json\/wp\/v2\/pages"}],"about":[{"href":"https:\/\/s28288.pros.com\/de\/wp-json\/wp\/v2\/types\/page"}],"author":[{"embeddable":true,"href":"https:\/\/s28288.pros.com\/de\/wp-json\/wp\/v2\/users\/1"}],"replies":[{"embeddable":true,"href":"https:\/\/s28288.pros.com\/de\/wp-json\/wp\/v2\/comments?post=63238"}],"version-history":[{"count":1,"href":"https:\/\/s28288.pros.com\/de\/wp-json\/wp\/v2\/pages\/63238\/revisions"}],"predecessor-version":[{"id":64400,"href":"https:\/\/s28288.pros.com\/de\/wp-json\/wp\/v2\/pages\/63238\/revisions\/64400"}],"up":[{"embeddable":true,"href":"https:\/\/s28288.pros.com\/de\/wp-json\/wp\/v2\/pages\/62477"}],"wp:attachment":[{"href":"https:\/\/s28288.pros.com\/de\/wp-json\/wp\/v2\/media?parent=63238"}],"curies":[{"name":"wp","href":"https:\/\/api.w.org\/{rel}","templated":true}]}}